{"id":1528,"date":"2025-07-21T13:03:23","date_gmt":"2025-07-21T13:03:23","guid":{"rendered":"https:\/\/www.klimabarat.hu\/?page_id=1528"},"modified":"2025-07-21T13:18:20","modified_gmt":"2025-07-21T13:18:20","slug":"jovonk-kertje","status":"publish","type":"page","link":"https:\/\/www.klimabarat.hu\/index.php\/jovonk-kertje\/","title":{"rendered":"J\u00f6v\u0151nk kertje"},"content":{"rendered":"\n<div class=\"wp-block-uagb-container uagb-block-104e5f6f alignfull uagb-is-root-container\"><div class=\"uagb-container-inner-blocks-wrap\">\n<div class=\"wp-block-uagb-container uagb-block-ce4f3ce4\">\n<p class=\"has-text-align-left\" style=\"margin-top:0\">C\u00e9lunk, hogy P\u00fcsp\u00f6kszil\u00e1gyon \u00e9s Pencen l\u00e9trej\u00f6jj\u00f6n egy-egy z\u00f6lds\u00e9gtermeszt\u0151 mintakert, mely egyben demonstr\u00e1ci\u00f3s k\u00f6zpont is, ahol megtekinthet\u0151 \u00e9s megtanulhat\u00f3, hogy hogyan \u00e1ll\u00edthat\u00f3 el\u0151 \u00e9s dolgozhat\u00f3 fel helyi, vegyszermentes, szezon\u00e1lis, emberl\u00e9pt\u00e9k\u0171 termeszt\u00e9sb\u0151l sz\u00e1rmaz\u00f3 eg\u00e9szs\u00e9ges \u00e9lelmiszer hagyom\u00e1nyos \u00e9s innovat\u00edv mez\u0151gazdas\u00e1gi technik\u00e1k alkalmaz\u00e1s\u00e1val.<\/p>\n\n\n\n<p>A kertek nem csak a z\u00f6lds\u00e9gtermeszt\u00e9s sz\u00ednhelyei, de a helyi k\u00f6z\u00f6ss\u00e9gek tal\u00e1lkoz\u00f3helyei is lesznek. Az itt megtermelt \u00e9lelmiszer terveink szerint a helyi k\u00f6z\u00e9tkeztet\u00e9sben, \u00e9s a helyi rendezv\u00e9nyeken val\u00f3 \u00e9tkeztet\u00e9sben is felhaszn\u00e1l\u00e1sra ker\u00fclnek, az itt \u00e9l\u0151k sz\u00e1m\u00e1ra mint\u00e1t mutatnak arra vonatkoz\u00f3an, hogy milyen technol\u00f3gi\u00e1kkal, megk\u00f6zel\u00edt\u00e9ssel, lehet \u00fagy kertet m\u0171velni, hogy k\u00f6zben nem romboljuk a talajt, hanem n\u00f6velj\u00fck annak t\u00e1panyagk\u00e9szlet\u00e9t, hogy hogyan lehet hagyom\u00e1nyos, min\u00e9l kevesebb mesters\u00e9ges anyag felhaszn\u00e1l\u00e1s\u00e1val tart\u00f3s\u00edtani a z\u00f6lds\u00e9geket, gy\u00fcm\u00f6lcs\u00f6ket, hogy hogyan lehet a kertm\u0171vel\u00e9shez sz\u00fcks\u00e9ges t\u00e1p- \u00e9s nyersanyagokat folyamatos k\u00f6rforg\u00e1sban tartani, \u00e9s min\u00e9l kevesebb hullad\u00e9kot termelve hasznos\u00edtani.<\/p>\n\n\n\n<p>A projektben tov\u00e1bbi mintakertk\u00e9nt a MagosV\u00f6lgy \u00d6kol\u00f3giai Gazdas\u00e1g jelenleg is m\u0171k\u00f6d\u0151 \u00e1rutermel\u0151 kertje szolg\u00e1l, a Gazdas\u00e1g munkat\u00e1rsai mentork\u00e9nt seg\u00edtik a k\u00e9t \u00fajonnan l\u00e9trej\u00f6v\u0151 \u00f6nkorm\u00e1nyzati kertet.<\/p>\n\n\n\n<p>A Magyar Agr\u00e1r- \u00e9s \u00c9lettudom\u00e1nyi Egyetem a folyamat sor\u00e1n kutat\u00e1sokkal, tanulm\u00e1nyok \u00edr\u00e1s\u00e1val t\u00e1mogatja a r\u00e9sztvev\u0151ket, a felhalmozott tud\u00e1st \u00fagy gy\u0171jtik \u00f6ssze, hogy az a k\u00e9s\u0151bbiekben m\u00e1s kistelep\u00fcl\u00e9sek sz\u00e1m\u00e1ra is k\u00f6vetend\u0151 p\u00e9ld\u00e1t tudjon ny\u00fajtani.<\/p>\n\n\n\n<p>A Kl\u00edmabar\u00e1t Telep\u00fcl\u00e9sek Sz\u00f6vets\u00e9ge pedig mindezt \u00e9rthet\u0151v\u00e9, l\u00e1that\u00f3v\u00e1, el\u00e9rhet\u0151v\u00e9 teszi a sz\u00e9lesebb k\u00f6z\u00f6ns\u00e9g sz\u00e1m\u00e1ra, ugyanis \u0151k a felel\u0151sek a projekt teljes k\u00f6r\u0171 kommunik\u00e1ci\u00f3j\u00e1\u00e9rt<\/p>\n\n\n\n<p style=\"margin-top:0\"><strong>Facebook: <\/strong><a href=\"https:\/\/www.facebook.com\/profile.php?id=61560287592326\" target=\"_blank\" rel=\"noopener noreferrer nofollow\"><strong>https:\/\/www.facebook.com\/profile.php?id=61560287592326<\/strong><\/a><\/p>\n<\/div>\n\n\n\n<div class=\"wp-block-uagb-container uagb-block-1949cd7e\">\n<div class=\"wp-block-uagb-image uagb-block-8aebb0cb wp-block-uagb-image--layout-default wp-block-uagb-image--effect-static wp-block-uagb-image--align-none\"><figure class=\"wp-block-uagb-image__figure\"><img decoding=\"async\" srcset=\"https:\/\/www.klimabarat.hu\/wp-content\/uploads\/2024\/08\/jovonk_kertje_logo.jpg ,https:\/\/www.klimabarat.hu\/wp-content\/uploads\/2024\/08\/jovonk_kertje_logo.jpg 780w, https:\/\/www.klimabarat.hu\/wp-content\/uploads\/2024\/08\/jovonk_kertje_logo.jpg 360w\" sizes=\"(max-width: 480px) 150px\" src=\"https:\/\/www.klimabarat.hu\/wp-content\/uploads\/2024\/08\/jovonk_kertje_logo.jpg\" alt=\"\" class=\"uag-image-353\" width=\"339\" height=\"149\" title=\"jovonk_kertje_logo\" loading=\"lazy\" role=\"img\"\/><\/figure><\/div>\n\n\n\n<div class=\"wp-block-uagb-container uagb-block-42a21cf0\">\n<ul style=\"padding-right:var(--wp--preset--spacing--x-small);padding-left:var(--wp--preset--spacing--x-small)\" class=\"wp-block-list\">\n<li><strong>Azonos\u00edt\u00f3sz\u00e1m:<\/strong> <br>101114394<\/li>\n\n\n\n<li><strong>Acronym:<\/strong> <br>LIFE22-CCA-HU-LIFE Co-Clima<\/li>\n\n\n\n<li><strong>Megval\u00f3s\u00edt\u00e1s id\u0151tartama:<\/strong> <br>2023. okt\u00f3ber 1. \u2013 2028. szeptember 30.<\/li>\n\n\n\n<li><strong>A projekt teljes k\u00f6lts\u00e9gvet\u00e9se:<\/strong> <br>1 746 561.00&nbsp; \u20ac (kb. 651 158 790 Ft)<\/li>\n\n\n\n<li><strong>EU p\u00e9nz\u00fcgyi hozz\u00e1j\u00e1rul\u00e1s:<\/strong> <br>1 047 936 \u20ac (ami a teljes k\u00f6lts\u00e9gvet\u00e9s 60%-a, kb. 409 milli\u00f3 Ft)<\/li>\n\n\n\n<li><strong>Nemzeti \u00f6ner\u0151:<\/strong> <br>698 624 \u20ac (kb. 272 milli\u00f3 Ft), a Magyar \u00c1llam t\u00e1rsfinansz\u00edroz\u00e1s\u00e1val<\/li>\n\n\n\n<li><strong>Konzorciumi partnerek:<\/strong> <br>P\u00fcsp\u00f6kszil\u00e1gy \u00d6nkorm\u00e1nyzata, Penc \u00d6nkorm\u00e1nyzata, MagosV\u00f6lgy \u00d6kol\u00f3giai Gazdas\u00e1g, Magyar Agr\u00e1r- \u00e9s \u00c9lettudom\u00e1nyi Egyetem, Kl\u00edmabar\u00e1t Telep\u00fcl\u00e9sek Sz\u00f6vets\u00e9ge<\/li>\n<\/ul>\n<\/div>\n<\/div>\n<\/div><\/div>\n\n\n\n<div class=\"wp-block-uagb-container uagb-block-e41d26f9 alignfull uagb-is-root-container\"><div class=\"uagb-container-inner-blocks-wrap\">\n<p class=\"has-xx-large-font-size\"><strong>Aktualit\u00e1sok:<\/strong><\/p>\n<\/div><\/div>\n\n\n\n\t\t\t<div class=\"wp-block-uagb-post-grid uagb-post-grid  uagb-post__image-position-top uagb-post__image-enabled uagb-block-190e2ca6     uagb-post__items uagb-post__columns-3 is-grid uagb-post__columns-tablet-2 uagb-post__columns-mobile-1 uagb-post__equal-height\" data-total=\"1\" style=\"\">\n\n\t\t\t\t\t\t\t\t\t\t\t\t<article class=\"uagb-post__inner-wrap\">\t\t\t\t\t\t\t\t<div class='uagb-post__image'>\n\t\t\t\t\t\t\t\t\t<a href=\"https:\/\/www.klimabarat.hu\/index.php\/2025\/07\/18\/lecsofozo-verseny\/\" target=\"_self\" rel=\"bookmark noopener noreferrer\" class='uagb-image-ratio-inherit'><img loading=\"lazy\" decoding=\"async\" width=\"1024\" height=\"796\" src=\"https:\/\/www.klimabarat.hu\/wp-content\/uploads\/2025\/07\/Firefly_lecso-mint-etel-29087-1024x796.jpg\" class=\"attachment-large size-large\" alt=\"\" srcset=\"https:\/\/www.klimabarat.hu\/wp-content\/uploads\/2025\/07\/Firefly_lecso-mint-etel-29087-1024x796.jpg 1024w, https:\/\/www.klimabarat.hu\/wp-content\/uploads\/2025\/07\/Firefly_lecso-mint-etel-29087-300x233.jpg 300w, https:\/\/www.klimabarat.hu\/wp-content\/uploads\/2025\/07\/Firefly_lecso-mint-etel-29087-768x597.jpg 768w, https:\/\/www.klimabarat.hu\/wp-content\/uploads\/2025\/07\/Firefly_lecso-mint-etel-29087-1536x1195.jpg 1536w, https:\/\/www.klimabarat.hu\/wp-content\/uploads\/2025\/07\/Firefly_lecso-mint-etel-29087-2048x1593.jpg 2048w\" sizes=\"(max-width: 1024px) 100vw, 1024px\" \/>\t\t\t\t\t<\/a>\n\t\t\t\t\t\t\t<\/div>\n\t\t\t\t\t\t<h4 class=\"uagb-post__title uagb-post__text\">\n\t\t\t\t<a href=\"https:\/\/www.klimabarat.hu\/index.php\/2025\/07\/18\/lecsofozo-verseny\/\" target=\"_self\" rel=\"bookmark noopener noreferrer\">Lecs\u00f3f\u0151z\u0151 verseny<\/a>\n\t\t\t<\/h4>\n\t\t\t\t\t\t<div class='uagb-post__text uagb-post-grid-byline'>\n\t\t\t\t\t\t\t\t<time datetime=\"2025-07-18T10:25:46+00:00\" class=\"uagb-post__date\">\n\t\t\t\t<span class=\"dashicons-calendar dashicons\"><\/span>\t\t\t\t\tJuly 18, 2025\t\t\t\t<\/time>\n\t\t\t\t\t\t\t<span class=\"uagb-post__comment\">\n\t\t\t\t<span class=\"dashicons-admin-comments dashicons\"><\/span>\t\t\t\t\tNo Comments\t\t\t\t<\/span>\n\t\t\t\t\t\t<\/div>\n\t\t\t\t\t\t\t<div class='uagb-post__text uagb-post__excerpt'>\n\t\t\t\t\t<p>Fakanalat el\u0151, k\u00f6t\u00e9nyt fel \u2013 j\u00f6n a Lecs\u00f3f\u0151z\u0151 Verseny!Szeretettel h\u00edvunk mindenkit egy illatos, rotyog\u00f3s, kacag\u00f3s&#8230;\t\t\t\t<\/div>\n\t\t\t\t\t\t<div class=\"uagb-post__text uagb-post__cta wp-block-button\">\n\t\t\t\t<a class=\"wp-block-button__link uagb-text-link\" style=\"\" href=\"https:\/\/www.klimabarat.hu\/index.php\/2025\/07\/18\/lecsofozo-verseny\/\" target=\"_self\" rel=\"bookmark noopener noreferrer\">Tov\u00e1bb <\/a>\n\t\t\t<\/div>\n\t\t\t\n\t\t\t\t\t\t\t\t\t<\/article>\n\t\t\t\t\t\t\t\t\t\t\t\t\t<div class=\"uagb-post-pagination-wrap\">\n\t\t\t\t\t\t\t\t\t\t\t<\/div>\n\t\t\t\t\t\t\t\t<\/div>\n\t\t\t\n\n\n<div class=\"wp-block-uagb-container uagb-layout-grid uagb-block-8ccb09be default uagb-is-root-container\">\n<div class=\"wp-block-uagb-container uagb-block-3c5462b3\">\n<div class=\"wp-block-uagb-advanced-heading uagb-block-3d482d2f\"><h5 class=\"uagb-heading-text\">Projektmenedzsment, koordin\u00e1ci\u00f3 \u00e9s a projekt hat\u00e1sainak nyomonk\u00f6vet\u00e9se<\/h5><\/div>\n\n\n\n<ul style=\"margin-top:0;margin-bottom:0\" class=\"wp-block-list\">\n<li><\/li>\n<\/ul>\n<\/div>\n\n\n\n<div class=\"wp-block-uagb-container uagb-block-ca815e1a\">\n<div class=\"wp-block-uagb-advanced-heading uagb-block-1cfa9e31\"><h5 class=\"uagb-heading-text\">A vid\u00e9ki kistelep\u00fcl\u00e9sek alkalmazkod\u00f3k\u00e9pess\u00e9g\u00e9nek ki\u00e9p\u00edt\u00e9se \u00e9s demostr\u00e1l\u00e1sa<\/h5><\/div>\n\n\n\n<ul style=\"margin-top:0;margin-bottom:0\" class=\"wp-block-list\">\n<li><\/li>\n<\/ul>\n<\/div>\n\n\n\n<div class=\"wp-block-uagb-container uagb-block-455b3b9c\">\n<div class=\"wp-block-uagb-advanced-heading uagb-block-c49e5865\"><h5 class=\"uagb-heading-text\">R\u00e9szv\u00e9teli tanul\u00e1s a k\u00f6z\u00f6ss\u00e9gi alkalmazkod\u00f3k\u00e9pess\u00e9g el\u00e9r\u00e9se \u00e9rdek\u00e9ben az \u00f6kosziszt\u00e9ma-szolg\u00e1ltat\u00e1sok\u00e9rt fizet\u0151 rendszerek (PES), mint k\u00f6z\u00f6ss\u00e9gi \u00f6szt\u00f6nz\u0151k kipr\u00f3b\u00e1l\u00e1s\u00e1n kereszt\u00fcl<\/h5><\/div>\n\n\n\n<ul style=\"margin-top:0;margin-bottom:0\" class=\"wp-block-list\">\n<li><\/li>\n<\/ul>\n<\/div>\n\n\n\n<div class=\"wp-block-uagb-container uagb-block-eafc4c4d\">\n<div class=\"wp-block-uagb-advanced-heading uagb-block-61753108\"><h5 class=\"uagb-heading-text\">Vid\u00e9ki kistelep\u00fcl\u00e9sek \u00fatmutat\u00f3ja a helyi \u00e9ghajlatv\u00e1ltoz\u00e1ssal szembeni ellen\u00e1ll\u00f3 k\u00e9pess\u00e9g jav\u00edt\u00e1s\u00e1ra Eur\u00f3p\u00e1ban<\/h5><\/div>\n\n\n\n<ul style=\"margin-top:0;margin-bottom:0\" class=\"wp-block-list\">\n<li><\/li>\n<\/ul>\n<\/div>\n\n\n\n<div class=\"wp-block-columns is-layout-flex wp-container-core-columns-is-layout-1 wp-block-columns-is-layout-flex\">\n<div class=\"wp-block-column is-layout-flow wp-block-column-is-layout-flow\" style=\"flex-basis:100%\">\n<div class=\"wp-block-uagb-container uagb-block-6835881f\">\n<div class=\"wp-block-uagb-advanced-heading uagb-block-4da34113\"><h5 class=\"uagb-heading-text\">Vid\u00e9ki kistelep\u00fcl\u00e9sek \u00fatmutat\u00f3ja a helyi \u00e9ghajlatv\u00e1ltoz\u00e1ssal szembeni ellen\u00e1ll\u00f3 k\u00e9pess\u00e9g jav\u00edt\u00e1s\u00e1ra Eur\u00f3p\u00e1ban<\/h5><\/div>\n<\/div>\n\n\n\n<ul class=\"wp-block-list\">\n<li><\/li>\n<\/ul>\n<\/div>\n<\/div>\n\n\n\n<div class=\"wp-block-columns is-layout-flex wp-container-core-columns-is-layout-2 wp-block-columns-is-layout-flex\">\n<div class=\"wp-block-column is-layout-flow wp-block-column-is-layout-flow\" style=\"flex-basis:100%\">\n<div class=\"wp-block-uagb-container uagb-block-b1c45043\">\n<div class=\"wp-block-uagb-container uagb-block-27a50691\">\n<div class=\"wp-block-uagb-advanced-heading uagb-block-234706fd\"><h5 class=\"uagb-heading-text\">Fenntarthat\u00f3s\u00e1g, replik\u00e1ci\u00f3 \u00e9s a projekt eredm\u00e9nyeinek hasznos\u00edt\u00e1sa<\/h5><\/div>\n<\/div>\n<\/div>\n\n\n\n<ul class=\"wp-block-list\">\n<li><\/li>\n<\/ul>\n<\/div>\n<\/div>\n<\/div>\n\n\n\n<div class=\"wp-block-uagb-container uagb-block-49a0d738 alignfull uagb-is-root-container\"><div class=\"uagb-container-inner-blocks-wrap\"><\/div><\/div>\n\n\n\n<div class=\"wp-block-uagb-container uagb-block-f6f1d464 default uagb-is-root-container\">\n<h2 class=\"wp-block-heading has-text-align-center has-white-color has-text-color\" style=\"margin-top:0;letter-spacing:-1px\">Iratkozzon fel h\u00edrlevel\u00fcnkre!<\/h2>\n\n\n\n<div class=\"wp-block-uagb-container uagb-block-7e8f887b\">\n<p class=\"has-text-align-center has-white-color has-text-color\">Ha szeretne els\u0151k k\u00f6zt \u00e9rtes\u00fclni rendezv\u00e9nyeinkr\u0151l, p\u00e1ly\u00e1zatokr\u00f3l, esem\u00e9nyekr\u0151l, iratkozzon fel.<\/p>\n\n\n\n<div class=\"wp-block-uagb-separator uagb-block-86f882ba\"><div class=\"uagb-separator-spacing-wrapper\"><div class=\"wp-block-uagb-separator__inner\" style=\"--my-background-image:\"><\/div><\/div><\/div>\n\n\n\n<div class=\"wp-block-uagb-container uagb-block-2ccdf31e\">\n<div id=\"mc_embed_shell\" style=\"max-width: 100%;\">\n    <link href=\"\/\/cdn-images.mailchimp.com\/embedcode\/classic-061523.css\" rel=\"stylesheet\" type=\"text\/css\">\n    <style type=\"text\/css\">\n        #mc_embed_signup {\n            background:#ffffff00;\n            clear: left;\n            \/* font: 14px Helvetica,Arial,sans-serif; *\/\n            max-width: 100%;\n            color: var(--wp--preset--color--white);\n        }\n\n        #mc-embedded-subscribe {\n            background-color: #00000000 !important;\n            font-family: inherit !important;\n            font-size: var(--wp--preset--font-size--small) !important;\n            font-weight: var(--wp--custom--font-weight--medium) !important;\n            line-height: var(--wp--custom--line-height--initial) !important;\n            border-top-left-radius: 30px !important;\n            border-top-right-radius: 30px !important;\n            border-bottom-left-radius: 30px !important;\n            border-bottom-right-radius: 30px !important;\n            border: 1px solid var(--wp--preset--color--white) !important;\n            margin: 0 !important;\n            transition: all 0s ease-in-out 0s !important;\n        }\n\n        #mc-embedded-subscribe:hover {\n            background-color: #ffffff44 !important;\n        }\n        \/* Add your own Mailchimp form style overrides in your site stylesheet or in this style block.\n            We recommend moving this block and the preceding CSS link to the HEAD of your HTML file. *\/\n    <\/style>\n    <div id=\"mc_embed_signup\">\n        <form action=\"https:\/\/klimabarat.us18.list-manage.com\/subscribe\/post?u=8f0a7fa2614fd9b966930faa0&amp;id=ed251121c6&amp;f_id=00bd9de6f0\" method=\"post\" id=\"mc-embedded-subscribe-form\" name=\"mc-embedded-subscribe-form\" class=\"validate\" target=\"_blank\" style=\"margin: 0;\">\n            <!-- <div id=\"mc_embed_signup_scroll\"><h2>Feliratkozom a h\u00edrlev\u00e9lre<\/h2> -->\n            <div class=\"indicates-required\" style=\"margin-right: 0;\">\n                <span class=\"asterisk\">*<\/span> k\u00f6telez\u0151\n            <\/div>\n            <div class=\"mc-field-group\" style=\"width: 100%;\">\n                <label for=\"mce-EMAIL\">E-mail c\u00edm <span class=\"asterisk\">*<\/span><\/label>\n                <input type=\"email\" name=\"EMAIL\" class=\"required email\" id=\"mce-EMAIL\" required=\"\" value=\"\">\n            <\/div>\n            <div id=\"mce-responses\" class=\"clear\">\n                <div class=\"response\" id=\"mce-error-response\" style=\"display: none;\"><\/div>\n                <div class=\"response\" id=\"mce-success-response\" style=\"display: none;\"><\/div>\n            <\/div>\n            <div aria-hidden=\"true\" style=\"position: absolute; left: -5000px;\">\n                <input type=\"text\" name=\"b_8f0a7fa2614fd9b966930faa0_ed251121c6\" tabindex=\"-1\" value=\"\">\n            <\/div>\n            <div class=\"clear\">\n                <input type=\"submit\" name=\"subscribe\" id=\"mc-embedded-subscribe\" class=\"button\" value=\"Feliratkozom\">\n            <\/div>\n        <\/div>\n    <\/form>\n    <\/div>\n    <script type=\"text\/javascript\" src=\"\/\/s3.amazonaws.com\/downloads.mailchimp.com\/js\/mc-validate.js\"><\/script><script type=\"text\/javascript\">(function($) {window.fnames = new Array(); window.ftypes = new Array();fnames[0]='EMAIL';ftypes[0]='email';fnames[1]='FNAME';ftypes[1]='text';fnames[2]='LNAME';ftypes[2]='text';fnames[3]='ADDRESS';ftypes[3]='address';fnames[4]='PHONE';ftypes[4]='phone';fnames[5]='BIRTHDAY';ftypes[5]='birthday';}(jQuery));var $mcj = jQuery.noConflict(true);<\/script>\n<\/div>\n<\/div>\n<\/div>\n<\/div>\n\n\n\n<ul class=\"wp-block-social-links aligncenter is-style-default is-content-justification-left is-layout-flex wp-container-core-social-links-is-layout-1 wp-block-social-links-is-layout-flex\"><li class=\"wp-social-link wp-social-link-instagram  wp-block-social-link\"><a href=\"https:\/\/\u2066https:\/\/www.instagram.com\/jovonkkertje?igsh=MWtxY2tnbGMzcDczOQ==\u2069\" class=\"wp-block-social-link-anchor\" target=\"_blank\" rel=\"noopener noreferrer nofollow\"><svg width=\"24\" height=\"24\" viewBox=\"0 0 24 24\" version=\"1.1\" xmlns=\"http:\/\/www.w3.org\/2000\/svg\" aria-hidden=\"true\" focusable=\"false\"><path d=\"M12,4.622c2.403,0,2.688,0.009,3.637,0.052c0.877,0.04,1.354,0.187,1.671,0.31c0.42,0.163,0.72,0.358,1.035,0.673 c0.315,0.315,0.51,0.615,0.673,1.035c0.123,0.317,0.27,0.794,0.31,1.671c0.043,0.949,0.052,1.234,0.052,3.637 s-0.009,2.688-0.052,3.637c-0.04,0.877-0.187,1.354-0.31,1.671c-0.163,0.42-0.358,0.72-0.673,1.035 c-0.315,0.315-0.615,0.51-1.035,0.673c-0.317,0.123-0.794,0.27-1.671,0.31c-0.949,0.043-1.233,0.052-3.637,0.052 s-2.688-0.009-3.637-0.052c-0.877-0.04-1.354-0.187-1.671-0.31c-0.42-0.163-0.72-0.358-1.035-0.673 c-0.315-0.315-0.51-0.615-0.673-1.035c-0.123-0.317-0.27-0.794-0.31-1.671C4.631,14.688,4.622,14.403,4.622,12 s0.009-2.688,0.052-3.637c0.04-0.877,0.187-1.354,0.31-1.671c0.163-0.42,0.358-0.72,0.673-1.035 c0.315-0.315,0.615-0.51,1.035-0.673c0.317-0.123,0.794-0.27,1.671-0.31C9.312,4.631,9.597,4.622,12,4.622 M12,3 C9.556,3,9.249,3.01,8.289,3.054C7.331,3.098,6.677,3.25,6.105,3.472C5.513,3.702,5.011,4.01,4.511,4.511 c-0.5,0.5-0.808,1.002-1.038,1.594C3.25,6.677,3.098,7.331,3.054,8.289C3.01,9.249,3,9.556,3,12c0,2.444,0.01,2.751,0.054,3.711 c0.044,0.958,0.196,1.612,0.418,2.185c0.23,0.592,0.538,1.094,1.038,1.594c0.5,0.5,1.002,0.808,1.594,1.038 c0.572,0.222,1.227,0.375,2.185,0.418C9.249,20.99,9.556,21,12,21s2.751-0.01,3.711-0.054c0.958-0.044,1.612-0.196,2.185-0.418 c0.592-0.23,1.094-0.538,1.594-1.038c0.5-0.5,0.808-1.002,1.038-1.594c0.222-0.572,0.375-1.227,0.418-2.185 C20.99,14.751,21,14.444,21,12s-0.01-2.751-0.054-3.711c-0.044-0.958-0.196-1.612-0.418-2.185c-0.23-0.592-0.538-1.094-1.038-1.594 c-0.5-0.5-1.002-0.808-1.594-1.038c-0.572-0.222-1.227-0.375-2.185-0.418C14.751,3.01,14.444,3,12,3L12,3z M12,7.378 c-2.552,0-4.622,2.069-4.622,4.622S9.448,16.622,12,16.622s4.622-2.069,4.622-4.622S14.552,7.378,12,7.378z M12,15 c-1.657,0-3-1.343-3-3s1.343-3,3-3s3,1.343,3,3S13.657,15,12,15z M16.804,6.116c-0.596,0-1.08,0.484-1.08,1.08 s0.484,1.08,1.08,1.08c0.596,0,1.08-0.484,1.08-1.08S17.401,6.116,16.804,6.116z\"><\/path><\/svg><span class=\"wp-block-social-link-label screen-reader-text\">Instagram<\/span><\/a><\/li>\n\n<li class=\"wp-social-link wp-social-link-facebook  wp-block-social-link\"><a href=\"https:\/\/www.facebook.com\/profile.php?id=61560287592326\" class=\"wp-block-social-link-anchor\" target=\"_blank\" rel=\"noopener noreferrer nofollow\"><svg width=\"24\" height=\"24\" viewBox=\"0 0 24 24\" version=\"1.1\" xmlns=\"http:\/\/www.w3.org\/2000\/svg\" aria-hidden=\"true\" focusable=\"false\"><path d=\"M12 2C6.5 2 2 6.5 2 12c0 5 3.7 9.1 8.4 9.9v-7H7.9V12h2.5V9.8c0-2.5 1.5-3.9 3.8-3.9 1.1 0 2.2.2 2.2.2v2.5h-1.3c-1.2 0-1.6.8-1.6 1.6V12h2.8l-.4 2.9h-2.3v7C18.3 21.1 22 17 22 12c0-5.5-4.5-10-10-10z\"><\/path><\/svg><span class=\"wp-block-social-link-label screen-reader-text\">Facebook<\/span><\/a><\/li>\n\n<li class=\"wp-social-link wp-social-link-youtube  wp-block-social-link\"><a href=\"https:\/\/www.youtube.com\/@J\u00f6v\u0151nkKertje\/videos\" class=\"wp-block-social-link-anchor\" target=\"_blank\" rel=\"noopener noreferrer nofollow\"><svg width=\"24\" height=\"24\" viewBox=\"0 0 24 24\" version=\"1.1\" xmlns=\"http:\/\/www.w3.org\/2000\/svg\" aria-hidden=\"true\" focusable=\"false\"><path d=\"M21.8,8.001c0,0-0.195-1.378-0.795-1.985c-0.76-0.797-1.613-0.801-2.004-0.847c-2.799-0.202-6.997-0.202-6.997-0.202 h-0.009c0,0-4.198,0-6.997,0.202C4.608,5.216,3.756,5.22,2.995,6.016C2.395,6.623,2.2,8.001,2.2,8.001S2,9.62,2,11.238v1.517 c0,1.618,0.2,3.237,0.2,3.237s0.195,1.378,0.795,1.985c0.761,0.797,1.76,0.771,2.205,0.855c1.6,0.153,6.8,0.201,6.8,0.201 s4.203-0.006,7.001-0.209c0.391-0.047,1.243-0.051,2.004-0.847c0.6-0.607,0.795-1.985,0.795-1.985s0.2-1.618,0.2-3.237v-1.517 C22,9.62,21.8,8.001,21.8,8.001z M9.935,14.594l-0.001-5.62l5.404,2.82L9.935,14.594z\"><\/path><\/svg><span class=\"wp-block-social-link-label screen-reader-text\">YouTube<\/span><\/a><\/li><\/ul>\n\n\n\n<p><\/p>\n","protected":false},"excerpt":{"rendered":"<p>C\u00e9lunk, hogy P\u00fcsp\u00f6kszil\u00e1gyon \u00e9s Pencen l\u00e9trej\u00f6jj\u00f6n egy-egy z\u00f6lds\u00e9gtermeszt\u0151 mintakert, mely egyben demonstr\u00e1ci\u00f3s k\u00f6zpont is, ahol megtekinthet\u0151 \u00e9s megtanulhat\u00f3, hogy hogyan \u00e1ll\u00edthat\u00f3 el\u0151 \u00e9s dolgozhat\u00f3 fel helyi, vegyszermentes, szezon\u00e1lis, emberl\u00e9pt\u00e9k\u0171 termeszt\u00e9sb\u0151l sz\u00e1rmaz\u00f3 eg\u00e9szs\u00e9ges \u00e9lelmiszer hagyom\u00e1nyos \u00e9s innovat\u00edv mez\u0151gazdas\u00e1gi technik\u00e1k alkalmaz\u00e1s\u00e1val. A kertek nem csak a z\u00f6lds\u00e9gtermeszt\u00e9s sz\u00ednhelyei, de a helyi k\u00f6z\u00f6ss\u00e9gek tal\u00e1lkoz\u00f3helyei is lesznek. Az itt [&hellip;]<\/p>\n","protected":false},"author":2,"featured_media":1202,"parent":0,"menu_order":0,"comment_status":"closed","ping_status":"closed","template":"","meta":{"_acf_changed":false,"_uag_custom_page_level_css":"","_swt_meta_header_display":false,"_swt_meta_footer_display":false,"_swt_meta_site_title_display":false,"_swt_meta_sticky_header":false,"_swt_meta_transparent_header":false,"footnotes":""},"class_list":["post-1528","page","type-page","status-publish","has-post-thumbnail","hentry"],"acf":[],"uagb_featured_image_src":{"full":["https:\/\/www.klimabarat.hu\/wp-content\/uploads\/2024\/12\/458753781_122131201196342919_6128940189037020817_n-1.jpg",1146,600,false],"thumbnail":["https:\/\/www.klimabarat.hu\/wp-content\/uploads\/2024\/12\/458753781_122131201196342919_6128940189037020817_n-1-150x150.jpg",150,150,true],"medium":["https:\/\/www.klimabarat.hu\/wp-content\/uploads\/2024\/12\/458753781_122131201196342919_6128940189037020817_n-1-300x157.jpg",300,157,true],"medium_large":["https:\/\/www.klimabarat.hu\/wp-content\/uploads\/2024\/12\/458753781_122131201196342919_6128940189037020817_n-1-768x402.jpg",768,402,true],"large":["https:\/\/www.klimabarat.hu\/wp-content\/uploads\/2024\/12\/458753781_122131201196342919_6128940189037020817_n-1-1024x536.jpg",1024,536,true],"1536x1536":["https:\/\/www.klimabarat.hu\/wp-content\/uploads\/2024\/12\/458753781_122131201196342919_6128940189037020817_n-1.jpg",1146,600,false],"2048x2048":["https:\/\/www.klimabarat.hu\/wp-content\/uploads\/2024\/12\/458753781_122131201196342919_6128940189037020817_n-1.jpg",1146,600,false]},"uagb_author_info":{"display_name":"klimabarat","author_link":"https:\/\/www.klimabarat.hu\/index.php\/author\/klimabarat\/"},"uagb_comment_info":0,"uagb_excerpt":"C\u00e9lunk, hogy P\u00fcsp\u00f6kszil\u00e1gyon \u00e9s Pencen l\u00e9trej\u00f6jj\u00f6n egy-egy z\u00f6lds\u00e9gtermeszt\u0151 mintakert, mely egyben demonstr\u00e1ci\u00f3s k\u00f6zpont is, ahol megtekinthet\u0151 \u00e9s megtanulhat\u00f3, hogy hogyan \u00e1ll\u00edthat\u00f3 el\u0151 \u00e9s dolgozhat\u00f3 fel helyi, vegyszermentes, szezon\u00e1lis, emberl\u00e9pt\u00e9k\u0171 termeszt\u00e9sb\u0151l sz\u00e1rmaz\u00f3 eg\u00e9szs\u00e9ges \u00e9lelmiszer hagyom\u00e1nyos \u00e9s innovat\u00edv mez\u0151gazdas\u00e1gi technik\u00e1k alkalmaz\u00e1s\u00e1val. A kertek nem csak a z\u00f6lds\u00e9gtermeszt\u00e9s sz\u00ednhelyei, de a helyi k\u00f6z\u00f6ss\u00e9gek tal\u00e1lkoz\u00f3helyei is lesznek. Az itt&hellip;","mfb_rest_fields":["uagb_featured_image_src","uagb_author_info","uagb_comment_info","uagb_excerpt"],"_links":{"self":[{"href":"https:\/\/www.klimabarat.hu\/index.php\/wp-json\/wp\/v2\/pages\/1528"}],"collection":[{"href":"https:\/\/www.klimabarat.hu\/index.php\/wp-json\/wp\/v2\/pages"}],"about":[{"href":"https:\/\/www.klimabarat.hu\/index.php\/wp-json\/wp\/v2\/types\/page"}],"author":[{"embeddable":true,"href":"https:\/\/www.klimabarat.hu\/index.php\/wp-json\/wp\/v2\/users\/2"}],"replies":[{"embeddable":true,"href":"https:\/\/www.klimabarat.hu\/index.php\/wp-json\/wp\/v2\/comments?post=1528"}],"version-history":[{"count":7,"href":"https:\/\/www.klimabarat.hu\/index.php\/wp-json\/wp\/v2\/pages\/1528\/revisions"}],"predecessor-version":[{"id":1550,"href":"https:\/\/www.klimabarat.hu\/index.php\/wp-json\/wp\/v2\/pages\/1528\/revisions\/1550"}],"wp:featuredmedia":[{"embeddable":true,"href":"https:\/\/www.klimabarat.hu\/index.php\/wp-json\/wp\/v2\/media\/1202"}],"wp:attachment":[{"href":"https:\/\/www.klimabarat.hu\/index.php\/wp-json\/wp\/v2\/media?parent=1528"}],"curies":[{"name":"wp","href":"https:\/\/api.w.org\/{rel}","templated":true}]}}