{"id":365,"date":"2024-09-09T01:25:07","date_gmt":"2024-09-09T01:25:07","guid":{"rendered":"https:\/\/www.klimabarat.hu\/?page_id=365"},"modified":"2024-09-09T01:41:56","modified_gmt":"2024-09-09T01:41:56","slug":"fejlesztes-alatt","status":"publish","type":"page","link":"https:\/\/www.klimabarat.hu\/index.php\/fejlesztes-alatt\/","title":{"rendered":"Fejleszt\u00e9s alatt"},"content":{"rendered":"\n<div class=\"wp-block-uagb-container uagb-block-d8003081 alignfull uagb-is-root-container\"><div class=\"uagb-container-inner-blocks-wrap\">\n<div class=\"wp-block-uagb-container uagb-block-6b47d777\">\n<div class=\"wp-block-uagb-image alignleft uagb-block-86b655c1 wp-block-uagb-image--layout-default wp-block-uagb-image--effect-static wp-block-uagb-image--align-left\"><figure class=\"wp-block-uagb-image__figure\"><img decoding=\"async\" srcset=\"https:\/\/www.klimabarat.hu\/wp-content\/uploads\/2024\/07\/KBTSZ_logo-HU.png ,https:\/\/www.klimabarat.hu\/wp-content\/uploads\/2024\/07\/KBTSZ_logo-HU.png 780w, https:\/\/www.klimabarat.hu\/wp-content\/uploads\/2024\/07\/KBTSZ_logo-HU.png 360w\" sizes=\"(max-width: 480px) 150px\" src=\"https:\/\/www.klimabarat.hu\/wp-content\/uploads\/2024\/07\/KBTSZ_logo-HU.png\" alt=\"\" class=\"uag-image-218\" width=\"240\" height=\"80\" title=\"KBTSZ_logo HU\" loading=\"lazy\" role=\"img\"\/><\/figure><\/div>\n<\/div>\n\n\n\n<div class=\"wp-block-uagb-container uagb-block-e312881f\">\n<div class=\"wp-block-uagb-separator uagb-block-c33052b8\"><div class=\"uagb-separator-spacing-wrapper\"><div class=\"wp-block-uagb-separator__inner\" style=\"--my-background-image:\"><\/div><\/div><\/div>\n\n\n\n<p class=\"has-text-align-left\" style=\"padding-right:var(--wp--preset--spacing--small);padding-left:var(--wp--preset--spacing--small)\">Weboldalunk \u00e1tmenetileg fejleszt\u00e9s alatt \u00e1ll. Ha addig is kapcsolatba szeretn\u00e9l l\u00e9pni vel\u00fcnk,  l\u00e1togasd meg <a href=\"https:\/\/www.facebook.com\/klimabarat\/\" data-type=\"link\" data-id=\"https:\/\/www.facebook.com\/klimabarat\/\" target=\"_blank\" rel=\"noopener noreferrer nofollow\">Facebook-oldalunkat<\/a>.<\/p>\n\n\n\n<div class=\"wp-block-uagb-separator uagb-block-f840441f\"><div class=\"uagb-separator-spacing-wrapper\"><div class=\"wp-block-uagb-separator__inner\" style=\"--my-background-image:\"><\/div><\/div><\/div>\n<\/div>\n<\/div><\/div>\n\n\n\n<p><\/p>\n","protected":false},"excerpt":{"rendered":"<p>Weboldalunk \u00e1tmenetileg fejleszt\u00e9s alatt \u00e1ll. Ha addig is kapcsolatba szeretn\u00e9l l\u00e9pni vel\u00fcnk, l\u00e1togasd meg Facebook-oldalunkat.<\/p>\n","protected":false},"author":2,"featured_media":0,"parent":0,"menu_order":0,"comment_status":"closed","ping_status":"closed","template":"wp-custom-template-blank","meta":{"_acf_changed":false,"_uag_custom_page_level_css":"","_swt_meta_header_display":false,"_swt_meta_footer_display":false,"_swt_meta_site_title_display":true,"_swt_meta_sticky_header":false,"_swt_meta_transparent_header":false,"footnotes":""},"class_list":["post-365","page","type-page","status-publish","hentry"],"acf":[],"uagb_featured_image_src":{"full":false,"thumbnail":false,"medium":false,"medium_large":false,"large":false,"1536x1536":false,"2048x2048":false},"uagb_author_info":{"display_name":"klimabarat","author_link":"https:\/\/www.klimabarat.hu\/index.php\/author\/klimabarat\/"},"uagb_comment_info":0,"uagb_excerpt":"Weboldalunk \u00e1tmenetileg fejleszt\u00e9s alatt \u00e1ll. Ha addig is kapcsolatba szeretn\u00e9l l\u00e9pni vel\u00fcnk, l\u00e1togasd meg Facebook-oldalunkat.","mfb_rest_fields":["uagb_featured_image_src","uagb_author_info","uagb_comment_info","uagb_excerpt"],"_links":{"self":[{"href":"https:\/\/www.klimabarat.hu\/index.php\/wp-json\/wp\/v2\/pages\/365"}],"collection":[{"href":"https:\/\/www.klimabarat.hu\/index.php\/wp-json\/wp\/v2\/pages"}],"about":[{"href":"https:\/\/www.klimabarat.hu\/index.php\/wp-json\/wp\/v2\/types\/page"}],"author":[{"embeddable":true,"href":"https:\/\/www.klimabarat.hu\/index.php\/wp-json\/wp\/v2\/users\/2"}],"replies":[{"embeddable":true,"href":"https:\/\/www.klimabarat.hu\/index.php\/wp-json\/wp\/v2\/comments?post=365"}],"version-history":[{"count":4,"href":"https:\/\/www.klimabarat.hu\/index.php\/wp-json\/wp\/v2\/pages\/365\/revisions"}],"predecessor-version":[{"id":372,"href":"https:\/\/www.klimabarat.hu\/index.php\/wp-json\/wp\/v2\/pages\/365\/revisions\/372"}],"wp:attachment":[{"href":"https:\/\/www.klimabarat.hu\/index.php\/wp-json\/wp\/v2\/media?parent=365"}],"curies":[{"name":"wp","href":"https:\/\/api.w.org\/{rel}","templated":true}]}}